{"id":5559,"date":"2026-04-20T13:34:12","date_gmt":"2026-04-20T16:34:12","guid":{"rendered":"https:\/\/gliffshoes.com.br\/?post_type=product&#038;p=5559"},"modified":"2026-05-01T16:20:52","modified_gmt":"2026-05-01T19:20:52","slug":"chinelo-brasil-infantil-gliff-shoes-25-ao-32-v2","status":"publish","type":"product","link":"https:\/\/gliffshoes.com.br\/en\/product\/chinelo-brasil-infantil-gliff-shoes-25-ao-32-v2\/","title":{"rendered":"Chinelo Brasil Infantil- Gliff Shoes (25 ao 32) -v2"},"content":{"rendered":"<p>O chinelo perfeito para os pequenos que amam conforto e estilo! Com design inspirado nas cores do Brasil, ele \u00e9 ideal para o dia a dia, passeios e momentos de divers\u00e3o.<\/p>\n<p>\u2714\ufe0f Numera\u00e7\u00e3o: 25 ao 32<br \/>\n\u2714\ufe0f Material: Leve, resistente e de alta qualidade<br \/>\n\u2714\ufe0f Tiras: Macias e confort\u00e1veis, n\u00e3o machucam os p\u00e9s<br \/>\n\u2714\ufe0f Solado: Antiderrapante, garantindo mais seguran\u00e7a<br \/>\n\u2714\ufe0f Estampa: Moderna e vibrante, com tema Brasil \ud83c\udde7\ud83c\uddf7<br \/>\nFeito no micro \/ com dedeira de pvc e b\u00f3ton<\/p>\n<p>\ud83d\udc9a Conforto que acompanha as crian\u00e7as em todos os momentos<br \/>\n\ud83d\udc9b Perfeito para brincar, passear e usar no dia a dia<br \/>\n\ud83d\udc99 F\u00e1cil de limpar e super dur\u00e1vel<\/p>","protected":false},"excerpt":{"rendered":"<p>O chinelo perfeito para os pequenos que amam conforto e estilo! Com design inspirado nas cores do Brasil, ele \u00e9 ideal para o dia a dia, passeios e momentos de divers\u00e3o. \u2714\ufe0f Numera\u00e7\u00e3o: 25 ao 32 \u2714\ufe0f Material: Leve, resistente e de alta qualidade \u2714\ufe0f Tiras: Macias e confort\u00e1veis, n\u00e3o machucam os p\u00e9s \u2714\ufe0f Solado: [&hellip;]<\/p>\n","protected":false},"featured_media":5568,"comment_status":"closed","ping_status":"closed","template":"","meta":[],"product_brand":[465],"product_cat":[473,404,406,405,445],"product_tag":[474,475],"class_list":{"0":"post-5559","1":"product","2":"type-product","3":"status-publish","4":"has-post-thumbnail","6":"product_brand-gliff-shoes","7":"product_cat-brasil","8":"product_cat-calcados-femininos","9":"product_cat-calcados-infantis","10":"product_cat-calcados-masculinos","11":"product_cat-chinelos-calcados-masculinos","12":"product_tag-brasil","13":"product_tag-chinelo-brasil","15":"first","16":"instock","17":"sale","18":"shipping-taxable","19":"purchasable","20":"product-type-variable","21":"has-default-attributes"},"yoast_head":"<!-- This site is optimized with the Yoast SEO plugin v27.6 - https:\/\/yoast.com\/product\/yoast-seo-wordpress\/ -->\n<title>Chinelo Brasil Infantil- Gliff Shoes (25 ao 32) -v2 - Gliff Shoes<\/title>\n<meta name=\"description\" content=\"Chinelo Brasil Infantil Gliff Shoes, Leve, resistente e de alta qualidade, Solado: Antiderrapante, garantindo mais seguran\u00e7a\" \/>\n<meta name=\"robots\" content=\"index, follow, max-snippet:-1, max-image-preview:large, max-video-preview:-1\" \/>\n<link rel=\"canonical\" href=\"https:\/\/gliffshoes.com.br\/en\/product\/chinelo-brasil-infantil-gliff-shoes-25-ao-32-v2\/\" \/>\n<meta property=\"og:locale\" content=\"en_US\" \/>\n<meta property=\"og:type\" content=\"article\" \/>\n<meta property=\"og:title\" content=\"Chinelo Brasil Infantil- Gliff Shoes (25 ao 32) -v2 - Gliff Shoes\" \/>\n<meta property=\"og:description\" content=\"Chinelo Brasil Infantil Gliff Shoes, Leve, resistente e de alta qualidade, Solado: Antiderrapante, garantindo mais seguran\u00e7a\" \/>\n<meta property=\"og:url\" content=\"https:\/\/gliffshoes.com.br\/en\/product\/chinelo-brasil-infantil-gliff-shoes-25-ao-32-v2\/\" \/>\n<meta property=\"og:site_name\" content=\"Gliff Shoes\" \/>\n<meta property=\"article:modified_time\" content=\"2026-05-01T19:20:52+00:00\" \/>\n<meta property=\"og:image\" content=\"https:\/\/gliffshoes.com.br\/wp-content\/uploads\/2026\/04\/WhatsApp-Image-2026-04-20-at-12.10.29-2.jpeg\" \/>\n\t<meta property=\"og:image:width\" content=\"1200\" \/>\n\t<meta property=\"og:image:height\" content=\"1600\" \/>\n\t<meta property=\"og:image:type\" content=\"image\/jpeg\" \/>\n<meta name=\"twitter:card\" content=\"summary_large_image\" \/>\n<meta name=\"twitter:label1\" content=\"Est. reading time\" \/>\n\t<meta name=\"twitter:data1\" content=\"1 minute\" \/>\n<script type=\"application\/ld+json\" class=\"yoast-schema-graph\">{\"@context\":\"https:\\\/\\\/schema.org\",\"@graph\":[{\"@type\":\"WebPage\",\"@id\":\"https:\\\/\\\/gliffshoes.com.br\\\/produto\\\/chinelo-brasil-infantil-gliff-shoes-25-ao-32-v2\\\/\",\"url\":\"https:\\\/\\\/gliffshoes.com.br\\\/produto\\\/chinelo-brasil-infantil-gliff-shoes-25-ao-32-v2\\\/\",\"name\":\"Chinelo Brasil Infantil- Gliff Shoes (25 ao 32) -v2 - Gliff Shoes\",\"isPartOf\":{\"@id\":\"https:\\\/\\\/gliffshoes.com.br\\\/#website\"},\"primaryImageOfPage\":{\"@id\":\"https:\\\/\\\/gliffshoes.com.br\\\/produto\\\/chinelo-brasil-infantil-gliff-shoes-25-ao-32-v2\\\/#primaryimage\"},\"image\":{\"@id\":\"https:\\\/\\\/gliffshoes.com.br\\\/produto\\\/chinelo-brasil-infantil-gliff-shoes-25-ao-32-v2\\\/#primaryimage\"},\"thumbnailUrl\":\"https:\\\/\\\/gliffshoes.com.br\\\/wp-content\\\/uploads\\\/2026\\\/04\\\/WhatsApp-Image-2026-04-20-at-12.10.29-2.jpeg\",\"datePublished\":\"2026-04-20T16:34:12+00:00\",\"dateModified\":\"2026-05-01T19:20:52+00:00\",\"description\":\"Chinelo Brasil Infantil Gliff Shoes, Leve, resistente e de alta qualidade, Solado: Antiderrapante, garantindo mais seguran\u00e7a\",\"breadcrumb\":{\"@id\":\"https:\\\/\\\/gliffshoes.com.br\\\/produto\\\/chinelo-brasil-infantil-gliff-shoes-25-ao-32-v2\\\/#breadcrumb\"},\"inLanguage\":\"en-US\",\"potentialAction\":[{\"@type\":\"ReadAction\",\"target\":[\"https:\\\/\\\/gliffshoes.com.br\\\/produto\\\/chinelo-brasil-infantil-gliff-shoes-25-ao-32-v2\\\/\"]}]},{\"@type\":\"ImageObject\",\"inLanguage\":\"en-US\",\"@id\":\"https:\\\/\\\/gliffshoes.com.br\\\/produto\\\/chinelo-brasil-infantil-gliff-shoes-25-ao-32-v2\\\/#primaryimage\",\"url\":\"https:\\\/\\\/gliffshoes.com.br\\\/wp-content\\\/uploads\\\/2026\\\/04\\\/WhatsApp-Image-2026-04-20-at-12.10.29-2.jpeg\",\"contentUrl\":\"https:\\\/\\\/gliffshoes.com.br\\\/wp-content\\\/uploads\\\/2026\\\/04\\\/WhatsApp-Image-2026-04-20-at-12.10.29-2.jpeg\",\"width\":1200,\"height\":1600},{\"@type\":\"BreadcrumbList\",\"@id\":\"https:\\\/\\\/gliffshoes.com.br\\\/produto\\\/chinelo-brasil-infantil-gliff-shoes-25-ao-32-v2\\\/#breadcrumb\",\"itemListElement\":[{\"@type\":\"ListItem\",\"position\":1,\"name\":\"In\u00edcio\",\"item\":\"https:\\\/\\\/gliffshoes.com.br\\\/\"},{\"@type\":\"ListItem\",\"position\":2,\"name\":\"Shop\",\"item\":\"https:\\\/\\\/gliffshoes.com.br\\\/shop\\\/\"},{\"@type\":\"ListItem\",\"position\":3,\"name\":\"Chinelo Brasil Infantil- Gliff Shoes (25 ao 32) -v2\"}]},{\"@type\":\"WebSite\",\"@id\":\"https:\\\/\\\/gliffshoes.com.br\\\/#website\",\"url\":\"https:\\\/\\\/gliffshoes.com.br\\\/\",\"name\":\"Gliff Shoes\",\"description\":\"Gliff Shoes\",\"publisher\":{\"@id\":\"https:\\\/\\\/gliffshoes.com.br\\\/#organization\"},\"potentialAction\":[{\"@type\":\"SearchAction\",\"target\":{\"@type\":\"EntryPoint\",\"urlTemplate\":\"https:\\\/\\\/gliffshoes.com.br\\\/?s={search_term_string}\"},\"query-input\":{\"@type\":\"PropertyValueSpecification\",\"valueRequired\":true,\"valueName\":\"search_term_string\"}}],\"inLanguage\":\"en-US\"},{\"@type\":\"Organization\",\"@id\":\"https:\\\/\\\/gliffshoes.com.br\\\/#organization\",\"name\":\"Gliff Shoes\",\"url\":\"https:\\\/\\\/gliffshoes.com.br\\\/\",\"logo\":{\"@type\":\"ImageObject\",\"inLanguage\":\"en-US\",\"@id\":\"https:\\\/\\\/gliffshoes.com.br\\\/#\\\/schema\\\/logo\\\/image\\\/\",\"url\":\"https:\\\/\\\/gliffshoes.com.br\\\/wp-content\\\/uploads\\\/2026\\\/01\\\/gliffshoes_adulto.png\",\"contentUrl\":\"https:\\\/\\\/gliffshoes.com.br\\\/wp-content\\\/uploads\\\/2026\\\/01\\\/gliffshoes_adulto.png\",\"width\":1080,\"height\":1080,\"caption\":\"Gliff Shoes\"},\"image\":{\"@id\":\"https:\\\/\\\/gliffshoes.com.br\\\/#\\\/schema\\\/logo\\\/image\\\/\"}}]}<\/script>\n<!-- \/ Yoast SEO plugin. -->","yoast_head_json":{"title":"Chinelo Brasil Infantil- Gliff Shoes (25 ao 32) -v2 - Gliff Shoes","description":"Chinelo Brasil Infantil Gliff Shoes, Leve, resistente e de alta qualidade, Solado: Antiderrapante, garantindo mais seguran\u00e7a","robots":{"index":"index","follow":"follow","max-snippet":"max-snippet:-1","max-image-preview":"max-image-preview:large","max-video-preview":"max-video-preview:-1"},"canonical":"https:\/\/gliffshoes.com.br\/en\/product\/chinelo-brasil-infantil-gliff-shoes-25-ao-32-v2\/","og_locale":"en_US","og_type":"article","og_title":"Chinelo Brasil Infantil- Gliff Shoes (25 ao 32) -v2 - Gliff Shoes","og_description":"Chinelo Brasil Infantil Gliff Shoes, Leve, resistente e de alta qualidade, Solado: Antiderrapante, garantindo mais seguran\u00e7a","og_url":"https:\/\/gliffshoes.com.br\/en\/product\/chinelo-brasil-infantil-gliff-shoes-25-ao-32-v2\/","og_site_name":"Gliff Shoes","article_modified_time":"2026-05-01T19:20:52+00:00","og_image":[{"width":1200,"height":1600,"url":"https:\/\/gliffshoes.com.br\/wp-content\/uploads\/2026\/04\/WhatsApp-Image-2026-04-20-at-12.10.29-2.jpeg","type":"image\/jpeg"}],"twitter_card":"summary_large_image","twitter_misc":{"Est. reading time":"1 minute"},"schema":{"@context":"https:\/\/schema.org","@graph":[{"@type":"WebPage","@id":"https:\/\/gliffshoes.com.br\/produto\/chinelo-brasil-infantil-gliff-shoes-25-ao-32-v2\/","url":"https:\/\/gliffshoes.com.br\/produto\/chinelo-brasil-infantil-gliff-shoes-25-ao-32-v2\/","name":"Chinelo Brasil Infantil- Gliff Shoes (25 ao 32) -v2 - Gliff Shoes","isPartOf":{"@id":"https:\/\/gliffshoes.com.br\/#website"},"primaryImageOfPage":{"@id":"https:\/\/gliffshoes.com.br\/produto\/chinelo-brasil-infantil-gliff-shoes-25-ao-32-v2\/#primaryimage"},"image":{"@id":"https:\/\/gliffshoes.com.br\/produto\/chinelo-brasil-infantil-gliff-shoes-25-ao-32-v2\/#primaryimage"},"thumbnailUrl":"https:\/\/gliffshoes.com.br\/wp-content\/uploads\/2026\/04\/WhatsApp-Image-2026-04-20-at-12.10.29-2.jpeg","datePublished":"2026-04-20T16:34:12+00:00","dateModified":"2026-05-01T19:20:52+00:00","description":"Chinelo Brasil Infantil Gliff Shoes, Leve, resistente e de alta qualidade, Solado: Antiderrapante, garantindo mais seguran\u00e7a","breadcrumb":{"@id":"https:\/\/gliffshoes.com.br\/produto\/chinelo-brasil-infantil-gliff-shoes-25-ao-32-v2\/#breadcrumb"},"inLanguage":"en-US","potentialAction":[{"@type":"ReadAction","target":["https:\/\/gliffshoes.com.br\/produto\/chinelo-brasil-infantil-gliff-shoes-25-ao-32-v2\/"]}]},{"@type":"ImageObject","inLanguage":"en-US","@id":"https:\/\/gliffshoes.com.br\/produto\/chinelo-brasil-infantil-gliff-shoes-25-ao-32-v2\/#primaryimage","url":"https:\/\/gliffshoes.com.br\/wp-content\/uploads\/2026\/04\/WhatsApp-Image-2026-04-20-at-12.10.29-2.jpeg","contentUrl":"https:\/\/gliffshoes.com.br\/wp-content\/uploads\/2026\/04\/WhatsApp-Image-2026-04-20-at-12.10.29-2.jpeg","width":1200,"height":1600},{"@type":"BreadcrumbList","@id":"https:\/\/gliffshoes.com.br\/produto\/chinelo-brasil-infantil-gliff-shoes-25-ao-32-v2\/#breadcrumb","itemListElement":[{"@type":"ListItem","position":1,"name":"In\u00edcio","item":"https:\/\/gliffshoes.com.br\/"},{"@type":"ListItem","position":2,"name":"Shop","item":"https:\/\/gliffshoes.com.br\/shop\/"},{"@type":"ListItem","position":3,"name":"Chinelo Brasil Infantil- Gliff Shoes (25 ao 32) -v2"}]},{"@type":"WebSite","@id":"https:\/\/gliffshoes.com.br\/#website","url":"https:\/\/gliffshoes.com.br\/","name":"Gliff Shoes","description":"Gliff Shoes","publisher":{"@id":"https:\/\/gliffshoes.com.br\/#organization"},"potentialAction":[{"@type":"SearchAction","target":{"@type":"EntryPoint","urlTemplate":"https:\/\/gliffshoes.com.br\/?s={search_term_string}"},"query-input":{"@type":"PropertyValueSpecification","valueRequired":true,"valueName":"search_term_string"}}],"inLanguage":"en-US"},{"@type":"Organization","@id":"https:\/\/gliffshoes.com.br\/#organization","name":"Gliff Shoes","url":"https:\/\/gliffshoes.com.br\/","logo":{"@type":"ImageObject","inLanguage":"en-US","@id":"https:\/\/gliffshoes.com.br\/#\/schema\/logo\/image\/","url":"https:\/\/gliffshoes.com.br\/wp-content\/uploads\/2026\/01\/gliffshoes_adulto.png","contentUrl":"https:\/\/gliffshoes.com.br\/wp-content\/uploads\/2026\/01\/gliffshoes_adulto.png","width":1080,"height":1080,"caption":"Gliff Shoes"},"image":{"@id":"https:\/\/gliffshoes.com.br\/#\/schema\/logo\/image\/"}}]}},"_links":{"self":[{"href":"https:\/\/gliffshoes.com.br\/en\/wp-json\/wp\/v2\/product\/5559","targetHints":{"allow":["GET"]}}],"collection":[{"href":"https:\/\/gliffshoes.com.br\/en\/wp-json\/wp\/v2\/product"}],"about":[{"href":"https:\/\/gliffshoes.com.br\/en\/wp-json\/wp\/v2\/types\/product"}],"replies":[{"embeddable":true,"href":"https:\/\/gliffshoes.com.br\/en\/wp-json\/wp\/v2\/comments?post=5559"}],"wp:featuredmedia":[{"embeddable":true,"href":"https:\/\/gliffshoes.com.br\/en\/wp-json\/wp\/v2\/media\/5568"}],"wp:attachment":[{"href":"https:\/\/gliffshoes.com.br\/en\/wp-json\/wp\/v2\/media?parent=5559"}],"wp:term":[{"taxonomy":"product_brand","embeddable":true,"href":"https:\/\/gliffshoes.com.br\/en\/wp-json\/wp\/v2\/product_brand?post=5559"},{"taxonomy":"product_cat","embeddable":true,"href":"https:\/\/gliffshoes.com.br\/en\/wp-json\/wp\/v2\/product_cat?post=5559"},{"taxonomy":"product_tag","embeddable":true,"href":"https:\/\/gliffshoes.com.br\/en\/wp-json\/wp\/v2\/product_tag?post=5559"}],"curies":[{"name":"wp","href":"https:\/\/api.w.org\/{rel}","templated":true}]}}